{"id":8,"date":"2025-05-23T08:15:05","date_gmt":"2025-05-23T08:15:05","guid":{"rendered":"https:\/\/stage.httv-produktion.de\/?page_id=8"},"modified":"2025-06-03T10:06:22","modified_gmt":"2025-06-03T10:06:22","slug":"httv","status":"publish","type":"page","link":"https:\/\/httv-produktion.de\/","title":{"rendered":"HTTV"},"content":{"rendered":"\n<div class=\"wp-block-cover alignfull is-light has-parallax\" style=\"padding-top:0;padding-right:0;padding-bottom:0;padding-left:0;min-height:600px;aspect-ratio:unset;\"><div class=\"wp-block-cover__image-background wp-image-280 size-full has-parallax\" style=\"background-position:50% 50%;background-image:url(https:\/\/httv-produktion.de\/wp-content\/uploads\/2025\/06\/Antarktis2-scaled.jpeg)\"><\/div><span aria-hidden=\"true\" class=\"wp-block-cover__background has-background-dim-0 has-background-dim\" style=\"background-color:#8599b8\"><\/span><div class=\"wp-block-cover__inner-container is-layout-constrained wp-container-core-cover-is-layout-ce3938d8 wp-block-cover-is-layout-constrained\">\n<div id=\"wp-block-themeisle-blocks-advanced-columns-282d4bf0\" class=\"wp-block-themeisle-blocks-advanced-columns alignwide has-2-columns has-desktop-twoOne-layout has-tablet-equal-layout has-mobile-collapsedRows-layout has-vertical-unset\"><div class=\"wp-block-themeisle-blocks-advanced-columns-overlay\"><\/div><div class=\"innerblocks-wrap\">\n<div id=\"wp-block-themeisle-blocks-advanced-column-11000f49\" class=\"wp-block-themeisle-blocks-advanced-column\"><\/div>\n\n\n\n<div id=\"wp-block-themeisle-blocks-advanced-column-c6efe867\" class=\"wp-block-themeisle-blocks-advanced-column\">\n<h4>&nbsp;<\/h4>\n<h4>&nbsp;<\/h4>\n<h4>&nbsp;<\/h4>\n<h4>&nbsp;<\/h4>\n<h4>&nbsp;<\/h4>\n<h4>&nbsp;<\/h4>\n<h4>&nbsp;<\/h4>\n<h4>&nbsp;<\/h4>\n<h4>&nbsp;<\/h4>\n<h4>&nbsp;<\/h4>\n<h5>&nbsp;<\/h5>\n<h5>&nbsp;<\/h5>\n<h5>&nbsp;<\/h5>\n<h5>&nbsp;<\/h5>\n<h5>&nbsp;<\/h5>\n<h5>&nbsp;<\/h5>\n<h5>&nbsp;<\/h5>\n<h5><span style=\"color: #ffffff;\">Seit 1996 steht der Name HTTV-Produktion f\u00fcr hochwertige Dokumentationen im deutschen Fernsehen. Ob im Eismeer der Beringsee, in der A<\/span><span style=\"color: #ffffff;\">ntarktis oder im abgeschotteten Nordkorea \u2013 die HTTV-Teams reisen rund um den Globus, um dem Publikum packende, investigative und bildstarke Filme nach Hause zu bringen.<\/span><\/h5>\n<\/div>\n<\/div><\/div>\n\n\n\n<h2 class=\"wp-block-heading has-text-align-center\">\u2193<\/h2>\n<\/div><\/div>\n\n\n\n<div style=\"height:100px\" aria-hidden=\"true\" class=\"wp-block-spacer\"><\/div>\n\n\n\n<div id=\"wp-block-themeisle-blocks-advanced-columns-dd9bc68c\" class=\"wp-block-themeisle-blocks-advanced-columns alignwide has-2-columns has-desktop-twoOne-layout has-tablet-equal-layout has-mobile-collapsedRows-layout has-vertical-unset\"><div class=\"wp-block-themeisle-blocks-advanced-columns-overlay\"><\/div><div class=\"innerblocks-wrap\">\n<div id=\"wp-block-themeisle-blocks-advanced-column-0456bd84\" class=\"wp-block-themeisle-blocks-advanced-column\"><div class=\"wp-block-image is-style-default\">\n<figure class=\"alignleft size-large\"><img loading=\"lazy\" decoding=\"async\" width=\"1024\" height=\"768\" src=\"https:\/\/httv-produktion.de\/wp-content\/uploads\/2025\/05\/Sibirien-NDR-1024x768.jpg\" alt=\"\" class=\"wp-image-53\" srcset=\"https:\/\/httv-produktion.de\/wp-content\/uploads\/2025\/05\/Sibirien-NDR-1024x768.jpg 1024w, https:\/\/httv-produktion.de\/wp-content\/uploads\/2025\/05\/Sibirien-NDR-300x225.jpg 300w, https:\/\/httv-produktion.de\/wp-content\/uploads\/2025\/05\/Sibirien-NDR-768x576.jpg 768w, https:\/\/httv-produktion.de\/wp-content\/uploads\/2025\/05\/Sibirien-NDR-1536x1152.jpg 1536w, https:\/\/httv-produktion.de\/wp-content\/uploads\/2025\/05\/Sibirien-NDR-1568x1176.jpg 1568w, https:\/\/httv-produktion.de\/wp-content\/uploads\/2025\/05\/Sibirien-NDR.jpg 2048w\" sizes=\"auto, (max-width: 1024px) 100vw, 1024px\" \/><\/figure>\n<\/div><\/div>\n\n\n\n<div id=\"wp-block-themeisle-blocks-advanced-column-537e3851\" class=\"wp-block-themeisle-blocks-advanced-column\">\n<h5>&nbsp;<\/h5>\n<h5>&nbsp;<\/h5>\n<h5>&nbsp;<\/h5>\n<h5>HTTV Produktionen wurden national und international ausgezeichnet und sind in renommierten Formaten wie&nbsp;<em>Terra X,&nbsp;ARD-Story,&nbsp;L\u00e4nder Menschen Abenteuer<\/em>&nbsp;oder auch in der&nbsp;<em>Sesamstra\u00dfe<\/em>&nbsp;zu sehen. Auftraggeber sind unter anderem&nbsp;NDR,&nbsp;WDR,&nbsp;SWR, ZDF, KIKA und&nbsp;arte.<\/h5>\n<\/div>\n<\/div><\/div>\n\n\n\n<div style=\"height:100px\" aria-hidden=\"true\" class=\"wp-block-spacer\"><\/div>\n\n\n\n<div class=\"wp-block-cover alignfull has-parallax is-style-default\" style=\"padding-top:0;padding-right:0;padding-bottom:0;padding-left:0;min-height:600px;aspect-ratio:unset;\"><div class=\"wp-block-cover__image-background wp-image-54 size-full has-parallax\" style=\"background-position:50% 50%;background-image:url(https:\/\/httv-produktion.de\/wp-content\/uploads\/2025\/05\/12.jpg)\"><\/div><span aria-hidden=\"true\" class=\"wp-block-cover__background has-background-dim-0 has-background-dim\" style=\"background-color:#7c7f7b\"><\/span><div class=\"wp-block-cover__inner-container is-layout-constrained wp-container-core-cover-is-layout-ce3938d8 wp-block-cover-is-layout-constrained\">\n<div id=\"wp-block-themeisle-blocks-advanced-columns-38df92b8\" class=\"wp-block-themeisle-blocks-advanced-columns alignwide has-2-columns has-desktop-twoOne-layout has-tablet-equal-layout has-mobile-collapsedRows-layout has-vertical-unset\"><div class=\"wp-block-themeisle-blocks-advanced-columns-overlay\"><\/div><div class=\"innerblocks-wrap\">\n<div id=\"wp-block-themeisle-blocks-advanced-column-031de347\" class=\"wp-block-themeisle-blocks-advanced-column\">\n<h4>\u00a0<\/h4>\n<h4>\u00a0<\/h4>\n<h4>\u00a0<\/h4>\n<h4>\u00a0<\/h4>\n<h4>\u00a0<\/h4>\n<h4>\u00a0<\/h4>\n<h4>\u00a0<\/h4>\n<h4>\u00a0<\/h4>\n<h4>\u00a0<\/h4>\n<h4>\u00a0<\/h4>\n<h4>\u00a0<\/h4>\n<h4>\u00a0<\/h4>\n<div>\n<h5 class=\"p3\">Neben eigenen Projekten stellt sich das Team um Gesch\u00e4ftsf\u00fchrer <span class=\"s1\">Michael H\u00f6ft<\/span> auch in den Dienst anderer Produktionen: etwa mit <span class=\"s1\">Kamerateams, die mit modernster Technik ausgestattet sind<\/span>, sowie in der <span class=\"s1\">Postproduktion<\/span>.<\/h5>\n<\/div>\n<h4>\u00a0<\/h4>\n<h4>\u00a0<\/h4>\n<\/div>\n\n\n\n<div id=\"wp-block-themeisle-blocks-advanced-column-c9d1ed84\" class=\"wp-block-themeisle-blocks-advanced-column\"><\/div>\n<\/div><\/div>\n<\/div><\/div>\n\n\n\n<div style=\"height:100px\" aria-hidden=\"true\" class=\"wp-block-spacer\"><\/div>\n\n\n\n<div id=\"wp-block-themeisle-blocks-advanced-columns-fe6f5185\" class=\"wp-block-themeisle-blocks-advanced-columns alignwide has-2-columns has-desktop-oneTwo-layout has-tablet-equal-layout has-mobile-collapsedRows-layout has-vertical-unset\"><div class=\"wp-block-themeisle-blocks-advanced-columns-overlay\"><\/div><div class=\"innerblocks-wrap\">\n<div id=\"wp-block-themeisle-blocks-advanced-column-1d23f4b8\" class=\"wp-block-themeisle-blocks-advanced-column\">\n<div>\n<h5>&nbsp;<\/h5>\n<h5>&nbsp;<\/h5>\n<h5>&nbsp;<\/h5>\n<h5 class=\"p3\">Das R\u00fcckgrat der HTTV-Produktion ist ein eingespieltes Netzwerk erfahrener <span class=\"s1\">Autor:innen, internationaler Rechercheur:innen, Cutter und Kamerateams<\/span>, das seit Jahren f\u00fcr Qualit\u00e4t, journalistische Sorgfalt und Verl\u00e4sslichkeit steht.<\/h5>\n<\/div>\n<p>&nbsp;<\/p>\n<\/div>\n\n\n\n<div id=\"wp-block-themeisle-blocks-advanced-column-5706e103\" class=\"wp-block-themeisle-blocks-advanced-column\"><div class=\"wp-block-image is-style-default\">\n<figure class=\"alignright size-large\"><img loading=\"lazy\" decoding=\"async\" width=\"1024\" height=\"568\" src=\"https:\/\/httv-produktion.de\/wp-content\/uploads\/2025\/05\/Nordkorea-ZDF-scaled-e1747991468484-1024x568.png\" alt=\"\" class=\"wp-image-58\" srcset=\"https:\/\/httv-produktion.de\/wp-content\/uploads\/2025\/05\/Nordkorea-ZDF-scaled-e1747991468484-1024x568.png 1024w, https:\/\/httv-produktion.de\/wp-content\/uploads\/2025\/05\/Nordkorea-ZDF-scaled-e1747991468484-300x166.png 300w, https:\/\/httv-produktion.de\/wp-content\/uploads\/2025\/05\/Nordkorea-ZDF-scaled-e1747991468484-768x426.png 768w, https:\/\/httv-produktion.de\/wp-content\/uploads\/2025\/05\/Nordkorea-ZDF-scaled-e1747991468484-1536x852.png 1536w, https:\/\/httv-produktion.de\/wp-content\/uploads\/2025\/05\/Nordkorea-ZDF-scaled-e1747991468484-2048x1136.png 2048w, https:\/\/httv-produktion.de\/wp-content\/uploads\/2025\/05\/Nordkorea-ZDF-scaled-e1747991468484-1568x870.png 1568w\" sizes=\"auto, (max-width: 1024px) 100vw, 1024px\" \/><\/figure>\n<\/div><\/div>\n<\/div><\/div>\n\n\n\n<div style=\"height:100px\" aria-hidden=\"true\" class=\"wp-block-spacer\"><\/div>\n\n\n\n<div class=\"wp-block-cover alignfull is-light has-parallax\" style=\"padding-top:0;padding-right:0;padding-bottom:0;padding-left:0;min-height:600px;aspect-ratio:unset;\"><div class=\"wp-block-cover__image-background wp-image-93 size-full has-parallax\" style=\"background-position:50% 50%;background-image:url(https:\/\/httv-produktion.de\/wp-content\/uploads\/2025\/05\/cropped-Fidschi-scaled-e1747991224161.jpeg)\"><\/div><span aria-hidden=\"true\" class=\"wp-block-cover__background has-background-dim-0 has-background-dim\" style=\"background-color:#7c8772\"><\/span><div class=\"wp-block-cover__inner-container is-layout-constrained wp-container-core-cover-is-layout-ce3938d8 wp-block-cover-is-layout-constrained\">\n<p class=\"has-text-align-center has-large-font-size\"><\/p>\n<\/div><\/div>\n\n\n\n<div style=\"height:100px\" aria-hidden=\"true\" class=\"wp-block-spacer\"><\/div>\n\n\n\n<div class=\"wp-block-columns alignwide is-layout-flex wp-container-core-columns-is-layout-9d6595d7 wp-block-columns-is-layout-flex\">\n<div class=\"wp-block-column is-layout-flow wp-block-column-is-layout-flow\" style=\"flex-basis:44.45%\">\n<p>HTTV PRODUKTION<br>Behringstra\u00dfe 16b\u2028, 22765 Hamburg, Deutschland<br>Tel: +49 (0)40 3990 6565<br>Fax: +40 (0)40 3990 6566<br>kontakt [at] httv-produktion [de]<\/p>\n<\/div>\n\n\n\n<div class=\"wp-block-column is-layout-flow wp-block-column-is-layout-flow\" style=\"flex-basis:22.22%\">\n<p>SITZ DES UNTERNEHMENS<br \/>HTTV Produktion<br \/>Behringstra\u00dfe 16b\u2028, 22765 Hamburg<\/p>\n<p>Umsatzsteuer-ID gem\u00e4\u00df \u00a7 27 a Umsatzsteuergesetz: DE191430229<br \/>Verantwortlich f\u00fcr den Inhalt (gem. \u00a755 Abs. 2 RStV): Michael H\u00f6ft, Anschrift s.o.<\/p>\n<\/div>\n\n\n\n<div class=\"wp-block-column is-layout-flow wp-block-column-is-layout-flow\" style=\"flex-basis:33.33%\"><\/div>\n<\/div>\n","protected":false},"excerpt":{"rendered":"<p>HTTV PRODUKTIONBehringstra\u00dfe 16b\u2028, 22765 Hamburg, DeutschlandTel: +49 (0)40 3990 6565Fax: +40 (0)40 3990 6566kontakt [at] httv-produktion [de] SITZ DES UNTERNEHMENSHTTV ProduktionBehringstra\u00dfe 16b\u2028, 22765 Hamburg Umsatzsteuer-ID gem\u00e4\u00df \u00a7 27 a Umsatzsteuergesetz: DE191430229Verantwortlich f\u00fcr den Inhalt (gem. \u00a755 Abs. 2 RStV): Michael H\u00f6ft, Anschrift s.o.<\/p>\n","protected":false},"author":2,"featured_media":0,"parent":0,"menu_order":0,"comment_status":"closed","ping_status":"closed","template":"","meta":{"_themeisle_gutenberg_block_has_review":false,"footnotes":""},"class_list":["post-8","page","type-page","status-publish","hentry","entry"],"yoast_head":"<!-- This site is optimized with the Yoast SEO plugin v27.6 - https:\/\/yoast.com\/product\/yoast-seo-wordpress\/ -->\n<title>HTTV - HTTV Produktion<\/title>\n<meta name=\"description\" content=\"Seit 1996 steht der Name HTTV-Produktion f\u00fcr hochwertige Dokumentationen im deutschen Fernsehen. Ob im Eismeer der Beringsee, in der Antarktis oder im abgeschotteten Nordkorea \u2013 die HTTV-Teams reisen rund um den Globus, um dem Publikum packende, investigative und bildstarke Filme nach Hause zu bringen.\" \/>\n<meta name=\"robots\" content=\"noindex, follow, max-snippet:-1, max-image-preview:large, max-video-preview:-1\" \/>\n<meta property=\"og:locale\" content=\"de_DE\" \/>\n<meta property=\"og:type\" content=\"article\" \/>\n<meta property=\"og:title\" content=\"HTTV - HTTV Produktion\" \/>\n<meta property=\"og:description\" content=\"Seit 1996 steht der Name HTTV-Produktion f\u00fcr hochwertige Dokumentationen im deutschen Fernsehen. Ob im Eismeer der Beringsee, in der Antarktis oder im abgeschotteten Nordkorea \u2013 die HTTV-Teams reisen rund um den Globus, um dem Publikum packende, investigative und bildstarke Filme nach Hause zu bringen.\" \/>\n<meta property=\"og:url\" content=\"https:\/\/httv-produktion.de\/\" \/>\n<meta property=\"og:site_name\" content=\"HTTV Produktion\" \/>\n<meta property=\"article:modified_time\" content=\"2025-06-03T10:06:22+00:00\" \/>\n<meta property=\"og:image\" content=\"http:\/\/httv-produktion.de\/wp-content\/uploads\/2025\/05\/Sibirien-NDR-1024x768.jpg\" \/>\n<meta name=\"twitter:card\" content=\"summary_large_image\" \/>\n<meta name=\"twitter:label1\" content=\"Gesch\u00e4tzte Lesezeit\" \/>\n\t<meta name=\"twitter:data1\" content=\"2\u00a0Minuten\" \/>\n<script type=\"application\/ld+json\" class=\"yoast-schema-graph\">{\"@context\":\"https:\\\/\\\/schema.org\",\"@graph\":[{\"@type\":\"WebPage\",\"@id\":\"https:\\\/\\\/httv-produktion.de\\\/\",\"url\":\"https:\\\/\\\/httv-produktion.de\\\/\",\"name\":\"HTTV - HTTV Produktion\",\"isPartOf\":{\"@id\":\"https:\\\/\\\/httv-produktion.de\\\/#website\"},\"primaryImageOfPage\":{\"@id\":\"https:\\\/\\\/httv-produktion.de\\\/#primaryimage\"},\"image\":{\"@id\":\"https:\\\/\\\/httv-produktion.de\\\/#primaryimage\"},\"thumbnailUrl\":\"http:\\\/\\\/httv-produktion.de\\\/wp-content\\\/uploads\\\/2025\\\/05\\\/Sibirien-NDR-1024x768.jpg\",\"datePublished\":\"2025-05-23T08:15:05+00:00\",\"dateModified\":\"2025-06-03T10:06:22+00:00\",\"description\":\"Seit 1996 steht der Name HTTV-Produktion f\u00fcr hochwertige Dokumentationen im deutschen Fernsehen. Ob im Eismeer der Beringsee, in der Antarktis oder im abgeschotteten Nordkorea \u2013 die HTTV-Teams reisen rund um den Globus, um dem Publikum packende, investigative und bildstarke Filme nach Hause zu bringen.\",\"breadcrumb\":{\"@id\":\"https:\\\/\\\/httv-produktion.de\\\/#breadcrumb\"},\"inLanguage\":\"de\",\"potentialAction\":[{\"@type\":\"ReadAction\",\"target\":[\"https:\\\/\\\/httv-produktion.de\\\/\"]}]},{\"@type\":\"ImageObject\",\"inLanguage\":\"de\",\"@id\":\"https:\\\/\\\/httv-produktion.de\\\/#primaryimage\",\"url\":\"https:\\\/\\\/httv-produktion.de\\\/wp-content\\\/uploads\\\/2025\\\/05\\\/Sibirien-NDR.jpg\",\"contentUrl\":\"https:\\\/\\\/httv-produktion.de\\\/wp-content\\\/uploads\\\/2025\\\/05\\\/Sibirien-NDR.jpg\",\"width\":2048,\"height\":1536},{\"@type\":\"BreadcrumbList\",\"@id\":\"https:\\\/\\\/httv-produktion.de\\\/#breadcrumb\",\"itemListElement\":[{\"@type\":\"ListItem\",\"position\":1,\"name\":\"Startseite\",\"item\":\"https:\\\/\\\/httv-produktion.de\\\/\"},{\"@type\":\"ListItem\",\"position\":2,\"name\":\"HTTV\"}]},{\"@type\":\"WebSite\",\"@id\":\"https:\\\/\\\/httv-produktion.de\\\/#website\",\"url\":\"https:\\\/\\\/httv-produktion.de\\\/\",\"name\":\"HTTV Produktion\",\"description\":\"\",\"publisher\":{\"@id\":\"https:\\\/\\\/httv-produktion.de\\\/#organization\"},\"potentialAction\":[{\"@type\":\"SearchAction\",\"target\":{\"@type\":\"EntryPoint\",\"urlTemplate\":\"https:\\\/\\\/httv-produktion.de\\\/?s={search_term_string}\"},\"query-input\":{\"@type\":\"PropertyValueSpecification\",\"valueRequired\":true,\"valueName\":\"search_term_string\"}}],\"inLanguage\":\"de\"},{\"@type\":\"Organization\",\"@id\":\"https:\\\/\\\/httv-produktion.de\\\/#organization\",\"name\":\"HTTV Produktion\",\"url\":\"https:\\\/\\\/httv-produktion.de\\\/\",\"logo\":{\"@type\":\"ImageObject\",\"inLanguage\":\"de\",\"@id\":\"https:\\\/\\\/httv-produktion.de\\\/#\\\/schema\\\/logo\\\/image\\\/\",\"url\":\"https:\\\/\\\/httv-produktion.de\\\/wp-content\\\/uploads\\\/2025\\\/05\\\/cropped-HTTVProduktion-Logo-PPJB-RGB.png\",\"contentUrl\":\"https:\\\/\\\/httv-produktion.de\\\/wp-content\\\/uploads\\\/2025\\\/05\\\/cropped-HTTVProduktion-Logo-PPJB-RGB.png\",\"width\":591,\"height\":204,\"caption\":\"HTTV Produktion\"},\"image\":{\"@id\":\"https:\\\/\\\/httv-produktion.de\\\/#\\\/schema\\\/logo\\\/image\\\/\"}}]}<\/script>\n<!-- \/ Yoast SEO plugin. -->","yoast_head_json":{"title":"HTTV - HTTV Produktion","description":"Seit 1996 steht der Name HTTV-Produktion f\u00fcr hochwertige Dokumentationen im deutschen Fernsehen. Ob im Eismeer der Beringsee, in der Antarktis oder im abgeschotteten Nordkorea \u2013 die HTTV-Teams reisen rund um den Globus, um dem Publikum packende, investigative und bildstarke Filme nach Hause zu bringen.","robots":{"index":"noindex","follow":"follow","max-snippet":"max-snippet:-1","max-image-preview":"max-image-preview:large","max-video-preview":"max-video-preview:-1"},"og_locale":"de_DE","og_type":"article","og_title":"HTTV - HTTV Produktion","og_description":"Seit 1996 steht der Name HTTV-Produktion f\u00fcr hochwertige Dokumentationen im deutschen Fernsehen. Ob im Eismeer der Beringsee, in der Antarktis oder im abgeschotteten Nordkorea \u2013 die HTTV-Teams reisen rund um den Globus, um dem Publikum packende, investigative und bildstarke Filme nach Hause zu bringen.","og_url":"https:\/\/httv-produktion.de\/","og_site_name":"HTTV Produktion","article_modified_time":"2025-06-03T10:06:22+00:00","og_image":[{"url":"http:\/\/httv-produktion.de\/wp-content\/uploads\/2025\/05\/Sibirien-NDR-1024x768.jpg","type":"","width":"","height":""}],"twitter_card":"summary_large_image","twitter_misc":{"Gesch\u00e4tzte Lesezeit":"2\u00a0Minuten"},"schema":{"@context":"https:\/\/schema.org","@graph":[{"@type":"WebPage","@id":"https:\/\/httv-produktion.de\/","url":"https:\/\/httv-produktion.de\/","name":"HTTV - HTTV Produktion","isPartOf":{"@id":"https:\/\/httv-produktion.de\/#website"},"primaryImageOfPage":{"@id":"https:\/\/httv-produktion.de\/#primaryimage"},"image":{"@id":"https:\/\/httv-produktion.de\/#primaryimage"},"thumbnailUrl":"http:\/\/httv-produktion.de\/wp-content\/uploads\/2025\/05\/Sibirien-NDR-1024x768.jpg","datePublished":"2025-05-23T08:15:05+00:00","dateModified":"2025-06-03T10:06:22+00:00","description":"Seit 1996 steht der Name HTTV-Produktion f\u00fcr hochwertige Dokumentationen im deutschen Fernsehen. Ob im Eismeer der Beringsee, in der Antarktis oder im abgeschotteten Nordkorea \u2013 die HTTV-Teams reisen rund um den Globus, um dem Publikum packende, investigative und bildstarke Filme nach Hause zu bringen.","breadcrumb":{"@id":"https:\/\/httv-produktion.de\/#breadcrumb"},"inLanguage":"de","potentialAction":[{"@type":"ReadAction","target":["https:\/\/httv-produktion.de\/"]}]},{"@type":"ImageObject","inLanguage":"de","@id":"https:\/\/httv-produktion.de\/#primaryimage","url":"https:\/\/httv-produktion.de\/wp-content\/uploads\/2025\/05\/Sibirien-NDR.jpg","contentUrl":"https:\/\/httv-produktion.de\/wp-content\/uploads\/2025\/05\/Sibirien-NDR.jpg","width":2048,"height":1536},{"@type":"BreadcrumbList","@id":"https:\/\/httv-produktion.de\/#breadcrumb","itemListElement":[{"@type":"ListItem","position":1,"name":"Startseite","item":"https:\/\/httv-produktion.de\/"},{"@type":"ListItem","position":2,"name":"HTTV"}]},{"@type":"WebSite","@id":"https:\/\/httv-produktion.de\/#website","url":"https:\/\/httv-produktion.de\/","name":"HTTV Produktion","description":"","publisher":{"@id":"https:\/\/httv-produktion.de\/#organization"},"potentialAction":[{"@type":"SearchAction","target":{"@type":"EntryPoint","urlTemplate":"https:\/\/httv-produktion.de\/?s={search_term_string}"},"query-input":{"@type":"PropertyValueSpecification","valueRequired":true,"valueName":"search_term_string"}}],"inLanguage":"de"},{"@type":"Organization","@id":"https:\/\/httv-produktion.de\/#organization","name":"HTTV Produktion","url":"https:\/\/httv-produktion.de\/","logo":{"@type":"ImageObject","inLanguage":"de","@id":"https:\/\/httv-produktion.de\/#\/schema\/logo\/image\/","url":"https:\/\/httv-produktion.de\/wp-content\/uploads\/2025\/05\/cropped-HTTVProduktion-Logo-PPJB-RGB.png","contentUrl":"https:\/\/httv-produktion.de\/wp-content\/uploads\/2025\/05\/cropped-HTTVProduktion-Logo-PPJB-RGB.png","width":591,"height":204,"caption":"HTTV Produktion"},"image":{"@id":"https:\/\/httv-produktion.de\/#\/schema\/logo\/image\/"}}]}},"_links":{"self":[{"href":"https:\/\/httv-produktion.de\/wp-json\/wp\/v2\/pages\/8","targetHints":{"allow":["GET"]}}],"collection":[{"href":"https:\/\/httv-produktion.de\/wp-json\/wp\/v2\/pages"}],"about":[{"href":"https:\/\/httv-produktion.de\/wp-json\/wp\/v2\/types\/page"}],"author":[{"embeddable":true,"href":"https:\/\/httv-produktion.de\/wp-json\/wp\/v2\/users\/2"}],"replies":[{"embeddable":true,"href":"https:\/\/httv-produktion.de\/wp-json\/wp\/v2\/comments?post=8"}],"version-history":[{"count":92,"href":"https:\/\/httv-produktion.de\/wp-json\/wp\/v2\/pages\/8\/revisions"}],"predecessor-version":[{"id":291,"href":"https:\/\/httv-produktion.de\/wp-json\/wp\/v2\/pages\/8\/revisions\/291"}],"wp:attachment":[{"href":"https:\/\/httv-produktion.de\/wp-json\/wp\/v2\/media?parent=8"}],"curies":[{"name":"wp","href":"https:\/\/api.w.org\/{rel}","templated":true}]}}